{"id":566,"date":"2016-09-06T12:55:49","date_gmt":"2016-09-06T10:55:49","guid":{"rendered":"http:\/\/setdancebasel.ch\/wordpress\/?page_id=566"},"modified":"2026-03-18T19:23:35","modified_gmt":"2026-03-18T18:23:35","slug":"when-where","status":"publish","type":"page","link":"http:\/\/setdancebasel.ch\/?page_id=566&lang=en","title":{"rendered":"When &#038; Where"},"content":{"rendered":"<p>We are dancing\u00a0<b>every Tuesday<\/b> from 6:15 pm until 8 pm in the Aula of the <a href=\"http:\/\/maps.google.ch\/maps?q=Spitalstrasse+50,+Basel&amp;hl=de&amp;ie=UTF8&amp;ll=47.565337,7.580682&amp;spn=0.001399,0.003374&amp;hnear=Spitalstrasse+50,+Vorst\u00e4dte,+4056+Basel,+Basel-Stadt&amp;gl=ch&amp;t=h&amp;z=19&amp;vpsrc=6\" target=\"_blank\" rel=\"noopener noreferrer\">St. Johann Schulhaus<\/a>, Spitalstr. 50,\u00a0in Basel\u00a0(Public transport: Tram 11 to\u00a0St. Johanns Tor ot\u00a0Bus 30, 36, 38 to\u00a0Metzerstrasse). Except during\u00a0<strong>s<\/strong><b>chool holidays<\/b>\u00a0when we have a break.<\/p>\n<p style=\"padding-left: 30px;\">Christmas Holidays: 21.12.2025 &#8211; 04.01.2026<br \/>\nSport Holidays: 14.02.2026 &#8211; 01.03.2026<br \/>\nSpring Holidays: 28.03.2026 &#8211; 12.04.2026<br \/>\nSummer Holidays: 27.06.2026 &#8211; 09.08.2026<br \/>\nAutumn Holidays: 26.09.2026 &#8211; 11.10.2026<br \/>\nChristmas Holidays: 19.12.2026 &#8211; 03.01.2027<\/p>\n<p>Cost: CHF 60.00 per half year for members or CHF 10.00 per attendance. The first two times you can participate for free and experience the Irish Set Dance group.<\/p>\n<p><strong>No dancing experience needed<\/strong>\u00a0&#8211; everyone welcome!<br \/>\nThere&#8217;s no professional goal, we dance to have fun and take it the Irish way &#8211; &#8222;t\u00f3g \u00e9 go bog \u00e9&#8220;\u00a0take it easy &#8211; just join us to have a good time.<\/p>\n<p><a href=\"http:\/\/setdancebasel.ch\/wordpress\/wp-content\/uploads\/2016\/08\/Aula.pdf\" target=\"_blank\" rel=\"noopener noreferrer\">Site plan<\/a><\/p>\n","protected":false},"excerpt":{"rendered":"<p>We are dancing\u00a0every Tuesday from 6:15 pm until 8 pm in the Aula of the St. Johann Schulhaus, Spitalstr. 50,\u00a0in Basel\u00a0(Public transport: Tram 11 to\u00a0St. Johanns Tor ot\u00a0Bus 30, 36, 38 to\u00a0Metzerstrasse). Except during\u00a0school holidays\u00a0when we have a break. Christmas &hellip; <a href=\"http:\/\/setdancebasel.ch\/?page_id=566&#038;lang=en\">Weiterlesen <span class=\"meta-nav\">&rarr;<\/span><\/a><\/p>\n","protected":false},"author":2,"featured_media":0,"parent":0,"menu_order":0,"comment_status":"closed","ping_status":"closed","template":"","meta":{"footnotes":""},"class_list":["post-566","page","type-page","status-publish","hentry"],"yoast_head":"<!-- This site is optimized with the Yoast SEO plugin v20.3 - https:\/\/yoast.com\/wordpress\/plugins\/seo\/ -->\n<title>When &amp; Where - ISDGB<\/title>\n<meta name=\"description\" content=\"We are dancing every Tuesday from 6:15 pm until 8 pm in the Aula of the St. Johann Schulhaus. No dancing experience needed \u2013 everyone welcome!\" \/>\n<meta name=\"robots\" content=\"index, follow, max-snippet:-1, max-image-preview:large, max-video-preview:-1\" \/>\n<link rel=\"canonical\" href=\"http:\/\/setdancebasel.ch\/?page_id=566&lang=en\" \/>\n<meta property=\"og:locale\" content=\"de_DE\" \/>\n<meta property=\"og:type\" content=\"article\" \/>\n<meta property=\"og:title\" content=\"When &amp; Where - ISDGB\" \/>\n<meta property=\"og:description\" content=\"We are dancing every Tuesday from 6:15 pm until 8 pm in the Aula of the St. Johann Schulhaus. No dancing experience needed \u2013 everyone welcome!\" \/>\n<meta property=\"og:url\" content=\"http:\/\/setdancebasel.ch\/?page_id=566&amp;lang=en\" \/>\n<meta property=\"og:site_name\" content=\"ISDGB\" \/>\n<meta property=\"article:publisher\" content=\"https:\/\/www.facebook.com\/irish.set.dance.group.basel\" \/>\n<meta property=\"article:modified_time\" content=\"2026-03-18T18:23:35+00:00\" \/>\n<meta name=\"twitter:card\" content=\"summary_large_image\" \/>\n<meta name=\"twitter:label1\" content=\"Gesch\u00e4tzte Lesezeit\" \/>\n\t<meta name=\"twitter:data1\" content=\"1\u00a0Minute\" \/>\n<script type=\"application\/ld+json\" class=\"yoast-schema-graph\">{\"@context\":\"https:\/\/schema.org\",\"@graph\":[{\"@type\":\"WebPage\",\"@id\":\"http:\/\/setdancebasel.ch\/?page_id=566&lang=en\",\"url\":\"http:\/\/setdancebasel.ch\/?page_id=566&lang=en\",\"name\":\"When & Where - ISDGB\",\"isPartOf\":{\"@id\":\"http:\/\/setdancebasel.ch\/#website\"},\"datePublished\":\"2016-09-06T10:55:49+00:00\",\"dateModified\":\"2026-03-18T18:23:35+00:00\",\"description\":\"We are dancing every Tuesday from 6:15 pm until 8 pm in the Aula of the St. Johann Schulhaus. No dancing experience needed \u2013 everyone welcome!\",\"breadcrumb\":{\"@id\":\"http:\/\/setdancebasel.ch\/?page_id=566&lang=en#breadcrumb\"},\"inLanguage\":\"de\",\"potentialAction\":[{\"@type\":\"ReadAction\",\"target\":[\"http:\/\/setdancebasel.ch\/?page_id=566&lang=en\"]}]},{\"@type\":\"BreadcrumbList\",\"@id\":\"http:\/\/setdancebasel.ch\/?page_id=566&lang=en#breadcrumb\",\"itemListElement\":[{\"@type\":\"ListItem\",\"position\":1,\"name\":\"Home\",\"item\":\"http:\/\/setdancebasel.ch\/?page_id=8&lang=de\"},{\"@type\":\"ListItem\",\"position\":2,\"name\":\"When &#038; Where\"}]},{\"@type\":\"WebSite\",\"@id\":\"http:\/\/setdancebasel.ch\/#website\",\"url\":\"http:\/\/setdancebasel.ch\/\",\"name\":\"ISDGB\",\"description\":\"Einfach kommen, mitmachen und Spass haben\",\"alternateName\":\"Irish Setdance Group Basel\",\"potentialAction\":[{\"@type\":\"SearchAction\",\"target\":{\"@type\":\"EntryPoint\",\"urlTemplate\":\"http:\/\/setdancebasel.ch\/?s={search_term_string}\"},\"query-input\":\"required name=search_term_string\"}],\"inLanguage\":\"de\"}]}<\/script>\n<!-- \/ Yoast SEO plugin. -->","yoast_head_json":{"title":"When & Where - ISDGB","description":"We are dancing every Tuesday from 6:15 pm until 8 pm in the Aula of the St. Johann Schulhaus. No dancing experience needed \u2013 everyone welcome!","robots":{"index":"index","follow":"follow","max-snippet":"max-snippet:-1","max-image-preview":"max-image-preview:large","max-video-preview":"max-video-preview:-1"},"canonical":"http:\/\/setdancebasel.ch\/?page_id=566&lang=en","og_locale":"de_DE","og_type":"article","og_title":"When & Where - ISDGB","og_description":"We are dancing every Tuesday from 6:15 pm until 8 pm in the Aula of the St. Johann Schulhaus. No dancing experience needed \u2013 everyone welcome!","og_url":"http:\/\/setdancebasel.ch\/?page_id=566&lang=en","og_site_name":"ISDGB","article_publisher":"https:\/\/www.facebook.com\/irish.set.dance.group.basel","article_modified_time":"2026-03-18T18:23:35+00:00","twitter_card":"summary_large_image","twitter_misc":{"Gesch\u00e4tzte Lesezeit":"1\u00a0Minute"},"schema":{"@context":"https:\/\/schema.org","@graph":[{"@type":"WebPage","@id":"http:\/\/setdancebasel.ch\/?page_id=566&lang=en","url":"http:\/\/setdancebasel.ch\/?page_id=566&lang=en","name":"When & Where - ISDGB","isPartOf":{"@id":"http:\/\/setdancebasel.ch\/#website"},"datePublished":"2016-09-06T10:55:49+00:00","dateModified":"2026-03-18T18:23:35+00:00","description":"We are dancing every Tuesday from 6:15 pm until 8 pm in the Aula of the St. Johann Schulhaus. No dancing experience needed \u2013 everyone welcome!","breadcrumb":{"@id":"http:\/\/setdancebasel.ch\/?page_id=566&lang=en#breadcrumb"},"inLanguage":"de","potentialAction":[{"@type":"ReadAction","target":["http:\/\/setdancebasel.ch\/?page_id=566&lang=en"]}]},{"@type":"BreadcrumbList","@id":"http:\/\/setdancebasel.ch\/?page_id=566&lang=en#breadcrumb","itemListElement":[{"@type":"ListItem","position":1,"name":"Home","item":"http:\/\/setdancebasel.ch\/?page_id=8&lang=de"},{"@type":"ListItem","position":2,"name":"When &#038; Where"}]},{"@type":"WebSite","@id":"http:\/\/setdancebasel.ch\/#website","url":"http:\/\/setdancebasel.ch\/","name":"ISDGB","description":"Einfach kommen, mitmachen und Spass haben","alternateName":"Irish Setdance Group Basel","potentialAction":[{"@type":"SearchAction","target":{"@type":"EntryPoint","urlTemplate":"http:\/\/setdancebasel.ch\/?s={search_term_string}"},"query-input":"required name=search_term_string"}],"inLanguage":"de"}]}},"_links":{"self":[{"href":"http:\/\/setdancebasel.ch\/index.php?rest_route=\/wp\/v2\/pages\/566","targetHints":{"allow":["GET"]}}],"collection":[{"href":"http:\/\/setdancebasel.ch\/index.php?rest_route=\/wp\/v2\/pages"}],"about":[{"href":"http:\/\/setdancebasel.ch\/index.php?rest_route=\/wp\/v2\/types\/page"}],"author":[{"embeddable":true,"href":"http:\/\/setdancebasel.ch\/index.php?rest_route=\/wp\/v2\/users\/2"}],"replies":[{"embeddable":true,"href":"http:\/\/setdancebasel.ch\/index.php?rest_route=%2Fwp%2Fv2%2Fcomments&post=566"}],"version-history":[{"count":34,"href":"http:\/\/setdancebasel.ch\/index.php?rest_route=\/wp\/v2\/pages\/566\/revisions"}],"predecessor-version":[{"id":921,"href":"http:\/\/setdancebasel.ch\/index.php?rest_route=\/wp\/v2\/pages\/566\/revisions\/921"}],"wp:attachment":[{"href":"http:\/\/setdancebasel.ch\/index.php?rest_route=%2Fwp%2Fv2%2Fmedia&parent=566"}],"curies":[{"name":"wp","href":"https:\/\/api.w.org\/{rel}","templated":true}]}}